{"id":1064,"date":"2013-07-22T12:03:44","date_gmt":"2013-07-22T10:03:44","guid":{"rendered":"http:\/\/okrainer.it\/collezioni-okrainer-2\/"},"modified":"2018-03-20T11:02:20","modified_gmt":"2018-03-20T10:02:20","slug":"collezioni-okrainer","status":"publish","type":"page","link":"https:\/\/okrainer.it\/sl\/collezioni-okrainer\/","title":{"rendered":"Stilske kolekcije"},"content":{"rendered":"\n<div class=\"collections-internal\">\n<div class=\"collections-link\">\n\t\t\t<a href=\"https:\/\/okrainer.it\/sl\/category\/collezioni\/moderno\/\"><\/p>\n<div class=\"collections-link-bottom\">\n\t\t\t    <span>moderen slog<\/span><br \/>\n\t\t\t    <img loading=\"lazy\" decoding=\"async\" alt=\"\" src=\"https:\/\/okrainer.it\/wp-content\/uploads\/2013\/07\/moderno.jpg\" width=\"295\" height=\"175\" \/>\n\t\t\t  <\/div>\n<div class=\"collections-link-top silver\"><\/div>\n<p>\t\t\t<\/a>\n\t\t      <\/div>\n<div class=\"collections-link\">\n\t\t\t<a href=\"https:\/\/okrainer.it\/sl\/category\/collezioni\/classico\/\"><\/p>\n<div class=\"collections-link-bottom\">\n\t\t\t    <span>klasi\u010den slog<\/span><br \/>\n\t\t\t    <img loading=\"lazy\" decoding=\"async\" alt=\"\" src=\"https:\/\/okrainer.it\/wp-content\/uploads\/2013\/07\/classico.jpg\" width=\"295\" height=\"175\" \/>\n\t\t\t  <\/div>\n<div class=\"collections-link-top silver\"><\/div>\n<p>\t\t\t<\/a>\n\t\t      <\/div>\n<div class=\"collections-link\">\n\t\t\t<a href=\"https:\/\/okrainer.it\/sl\/category\/collezioni\/design\/\"><\/p>\n<div class=\"collections-link-bottom\">\n\t\t\t    <span>dizajnerski slog<\/span><br \/>\n\t\t\t    <img loading=\"lazy\" decoding=\"async\" alt=\"\" src=\"https:\/\/okrainer.it\/wp-content\/uploads\/design.jpg\" width=\"295\" height=\"175\" \/>\n\t\t\t  <\/div>\n<div class=\"collections-link-top silver\"><\/div>\n<p>\t\t\t<\/a>\n\t\t      <\/div>\n<div class=\"collections-link\">\n\t\t\t<a href=\"https:\/\/okrainer.it\/sl\/category\/collezioni\/relax\/\"><\/p>\n<div class=\"collections-link-bottom\">\n\t\t\t   <span>relaksacijski slog<\/span><br \/>\n\t\t\t    <img loading=\"lazy\" decoding=\"async\" alt=\"\" src=\"https:\/\/okrainer.it\/wp-content\/uploads\/2013\/07\/relax.jpg\" width=\"295\" height=\"175\" \/>\n\t\t\t  <\/div>\n<div class=\"collections-link-top silver\"><\/div>\n<p>\t\t\t<\/a>\n\t\t      <\/div>\n<div class=\"collections-link\">\n\t\t\t<a href=\"https:\/\/okrainer.it\/sl\/category\/collezioni\/trasformabili\/\"><\/p>\n<div class=\"collections-link-bottom\">\n\t\t\t    <span>prilagodljivi kav\u010di<\/span><br \/>\n\t\t\t    <img loading=\"lazy\" decoding=\"async\" alt=\"\" src=\"https:\/\/okrainer.it\/wp-content\/uploads\/2013\/07\/trasformabili.jpg\" width=\"295\" height=\"175\" \/>\n\t\t\t  <\/div>\n<div class=\"collections-link-top silver\"><\/div>\n<p>\t\t\t<\/a>\n\t\t      <\/div>\n<div class=\"collections-link\">\n\t\t\t<a href=\"https:\/\/okrainer.it\/sl\/category\/collezioni\/poltrone-alzapersona\/\"><\/p>\n<div class=\"collections-link-bottom\">\n\t\t\t    <span>fotelji z dvi\u017enim mehanizmom<\/span><br \/>\n\t\t\t    <img loading=\"lazy\" decoding=\"async\" alt=\"\" src=\"https:\/\/okrainer.it\/wp-content\/uploads\/2013\/07\/alzapersona.jpg\" width=\"295\" height=\"175\" \/>\n\t\t\t  <\/div>\n<div class=\"collections-link-top silver\"><\/div>\n<p>\t\t\t<\/a>\n\t\t      <\/div>\n<div class=\"collections-link\">\n\t\t\t<a href=\"https:\/\/okrainer.it\/sl\/category\/stilske-kolekcije\/oblazinjeno-lezisce\/\"><\/p>\n<div class=\"collections-link-bottom\">\n\t\t\t    <span>oblazinjeno le\u017ei\u0161\u010de<\/span><br \/>\n\t\t\t   <img loading=\"lazy\" decoding=\"async\" width=\"295\" height=\"175\" class=\"size-full wp-image-2219\" alt=\"oblazinjeno le\u017ei\u0161\u010de\" src=\"https:\/\/okrainer.it\/wp-content\/uploads\/2015\/06\/lettiImbottiti.jpg\">\n\t\t\t  <\/div>\n<div class=\"collections-link-top silver\"><\/div>\n<p>\t\t\t<\/a>\n\t\t      <\/div>\n<div class=\"collections-link\">\n\t\t\t<a href=\"https:\/\/okrainer.it\/sl\/category\/stilske-kolekcije\/lezisca-in-vzmetnice\/\"><\/p>\n<div class=\"collections-link-bottom\">\n\t\t\t    <span>le\u017ei\u0161\u010da in vzmetnice<\/span><br \/>\n\t\t\t   <img decoding=\"async\" class=\"size-full wp-image-2219\" alt=\"\" src=\"https:\/\/okrainer.it\/wp-content\/uploads\/2015\/06\/materassi.jpg\">\n\t\t\t  <\/div>\n<div class=\"collections-link-top silver\"><\/div>\n<p>\t\t\t<\/a>\n\t\t      <\/div>\n<div class=\"collections-link\">\n\t\t\t<a href=\"https:\/\/okrainer.it\/sl\/category\/stilske-kolekcije\/mehanizmi-in-letvena-posteljna-dna\/\"><\/p>\n<div class=\"collections-link-bottom\">\n\t\t\t    <span>mehanizmi in letvena posteljna dna<\/span><br \/>\n\t\t\t   <img decoding=\"async\" class=\"size-full wp-image-2219\" alt=\"\" src=\"https:\/\/okrainer.it\/wp-content\/uploads\/2015\/06\/meccanismi_e_reti.jpg\">\n\t\t\t  <\/div>\n<div class=\"collections-link-top silver\"><\/div>\n<p>\t\t\t<\/a>\n\t\t      <\/div>\n<\/p><\/div>\n<p><!-- #collections-internal --><\/p>\n","protected":false},"excerpt":{"rendered":"<p>moderen slog klasi\u010den slog dizajnerski slog relaksacijski slog prilagodljivi kav\u010di fotelji z dvi\u017enim mehanizmom oblazinjeno le\u017ei\u0161\u010de le\u017ei\u0161\u010da in vzmetnice mehanizmi in letvena posteljna dna<\/p>\n","protected":false},"author":1,"featured_media":0,"parent":0,"menu_order":0,"comment_status":"closed","ping_status":"closed","template":"","meta":{"_acf_changed":false,"footnotes":""},"class_list":["post-1064","page","type-page","status-publish","hentry"],"acf":[],"_links":{"self":[{"href":"https:\/\/okrainer.it\/sl\/wp-json\/wp\/v2\/pages\/1064","targetHints":{"allow":["GET"]}}],"collection":[{"href":"https:\/\/okrainer.it\/sl\/wp-json\/wp\/v2\/pages"}],"about":[{"href":"https:\/\/okrainer.it\/sl\/wp-json\/wp\/v2\/types\/page"}],"author":[{"embeddable":true,"href":"https:\/\/okrainer.it\/sl\/wp-json\/wp\/v2\/users\/1"}],"replies":[{"embeddable":true,"href":"https:\/\/okrainer.it\/sl\/wp-json\/wp\/v2\/comments?post=1064"}],"version-history":[{"count":23,"href":"https:\/\/okrainer.it\/sl\/wp-json\/wp\/v2\/pages\/1064\/revisions"}],"predecessor-version":[{"id":3271,"href":"https:\/\/okrainer.it\/sl\/wp-json\/wp\/v2\/pages\/1064\/revisions\/3271"}],"wp:attachment":[{"href":"https:\/\/okrainer.it\/sl\/wp-json\/wp\/v2\/media?parent=1064"}],"curies":[{"name":"wp","href":"https:\/\/api.w.org\/{rel}","templated":true}]}}