{"id":1042,"date":"2013-07-14T18:16:23","date_gmt":"2013-07-14T16:16:23","guid":{"rendered":"http:\/\/okrainer.it\/contatt-2\/"},"modified":"2024-05-13T11:00:38","modified_gmt":"2024-05-13T09:00:38","slug":"contatt","status":"publish","type":"page","link":"https:\/\/okrainer.it\/sl\/contatt\/","title":{"rendered":"Kontakt"},"content":{"rendered":"<p><img loading=\"lazy\" decoding=\"async\" src=\"https:\/\/okrainer.it\/wp-content\/uploads\/2016\/08\/contatti.jpg\" alt=\"kontakt OKrainer\" width=\"950\" height=\"350\" class=\"alignnone size-full wp-image-3104\" srcset=\"https:\/\/okrainer.it\/wp-content\/uploads\/2016\/08\/contatti.jpg 950w, https:\/\/okrainer.it\/wp-content\/uploads\/2016\/08\/contatti-600x221.jpg 600w, https:\/\/okrainer.it\/wp-content\/uploads\/2016\/08\/contatti-768x283.jpg 768w, https:\/\/okrainer.it\/wp-content\/uploads\/2016\/08\/contatti-624x230.jpg 624w\" sizes=\"auto, (max-width: 950px) 100vw, 950px\" \/><\/p>\n<p><strong>O.Krainer<\/strong><br \/>\nVia Flavia 53<br \/>\n34100 Trieste<br \/>\nTel:  <a href=\"tel:+39040826644\">+39.040.82.66.44<\/a><br \/>\nFax: +39.040.82.66.44<br \/>\ne-mail: <a href=\"mailto:info@okrainer.it\">info@okrainer.it<\/a><\/p>\n<div class=\"et_social_networks et_social_autowidth et_social_slide et_social_circle et_social_top et_social_mobile_on et_social_outer_dark\">\n\t\t\t\t\t\n\t\t\t\t\t\n\t\t\t\t\t<ul class=\"et_social_icons_container\"><li class=\"et_social_facebook\">\n\t\t\t\t\t\t<a href=\"https:\/\/www.facebook.com\/OKrainer-131165327448192\/\" class=\"et_social_follow\" data-social_name=\"facebook\" data-social_type=\"follow\" data-post_id=\"0\" target=\"_blank\">\n\t\t\t\t\t\t\t<i class=\"et_social_icon et_social_icon_facebook\"><\/i>\n\t\t\t\t\t\t\t\n\t\t\t\t\t\t\t<span class=\"et_social_overlay\"><\/span>\n\t\t\t\t\t\t<\/a>\n\t\t\t\t\t<\/li><\/ul>\n\t\t\t\t<\/div>\n<p><strong>Urnik odprtja:<\/strong>  od torka do sobote 8.30 &#8211; 12.30 in 16.00 &#8211; 19.30<br \/>\n<strong>Prostorno parkiri\u0161\u010de<\/strong><br \/>\nDo nas vas pripelje tudi mestni avtobus: zgledujte se po urnikih vo\u017enje na spletnem mestu Trieste Trasporti, <a href=\"https:\/\/www.triestetrasporti.it\/it\/trasporto-pubblico\/linee-orari\/linea-20\/\" target=\"_blank\" rel=\"noopener\">linija 20<\/a> e <a href=\"https:\/\/www.triestetrasporti.it\/it\/trasporto-pubblico\/linee-orari\/linea-21\/\" target=\"_blank\" rel=\"noopener\">linija 21<\/a>.<\/p>\n<h3>Kako pridete do nas<\/h3>\n<p><a href=\"https:\/\/goo.gl\/maps\/yxPpR72CRxgCRcwv6\" rel=\"noopener\" target=\"_blank\">Google Maps<\/a><\/p>\n","protected":false},"excerpt":{"rendered":"<p>O.Krainer Via Flavia 53 34100 Trieste Tel: +39.040.82.66.44 Fax: +39.040.82.66.44 e-mail: info@okrainer.it Urnik odprtja: od torka do sobote 8.30 &#8211; 12.30 in 16.00 &#8211; 19.30 Prostorno parkiri\u0161\u010de Do nas vas pripelje tudi mestni avtobus: zgledujte se po urnikih vo\u017enje na spletnem mestu Trieste Trasporti, linija 20 e linija 21. Kako pridete do nas Google Maps<\/p>\n","protected":false},"author":1,"featured_media":0,"parent":0,"menu_order":50,"comment_status":"closed","ping_status":"closed","template":"page-templates\/full-width.php","meta":{"_acf_changed":false,"footnotes":""},"class_list":["post-1042","page","type-page","status-publish","hentry"],"acf":[],"_links":{"self":[{"href":"https:\/\/okrainer.it\/sl\/wp-json\/wp\/v2\/pages\/1042","targetHints":{"allow":["GET"]}}],"collection":[{"href":"https:\/\/okrainer.it\/sl\/wp-json\/wp\/v2\/pages"}],"about":[{"href":"https:\/\/okrainer.it\/sl\/wp-json\/wp\/v2\/types\/page"}],"author":[{"embeddable":true,"href":"https:\/\/okrainer.it\/sl\/wp-json\/wp\/v2\/users\/1"}],"replies":[{"embeddable":true,"href":"https:\/\/okrainer.it\/sl\/wp-json\/wp\/v2\/comments?post=1042"}],"version-history":[{"count":12,"href":"https:\/\/okrainer.it\/sl\/wp-json\/wp\/v2\/pages\/1042\/revisions"}],"predecessor-version":[{"id":4849,"href":"https:\/\/okrainer.it\/sl\/wp-json\/wp\/v2\/pages\/1042\/revisions\/4849"}],"wp:attachment":[{"href":"https:\/\/okrainer.it\/sl\/wp-json\/wp\/v2\/media?parent=1042"}],"curies":[{"name":"wp","href":"https:\/\/api.w.org\/{rel}","templated":true}]}}