{"id":1040,"date":"2013-08-08T22:20:17","date_gmt":"2013-08-08T20:20:17","guid":{"rendered":"http:\/\/okrainer.it\/showroom-2\/"},"modified":"2018-03-20T11:01:32","modified_gmt":"2018-03-20T10:01:32","slug":"showroom","status":"publish","type":"page","link":"https:\/\/okrainer.it\/sl\/showroom\/","title":{"rendered":"Razstavni salon"},"content":{"rendered":"<h3>Potrebujete navdih?<\/h3>\n<p>Obi\u0161\u010dite nas v na\u0161em prostornem razstavnem salonu: na\u0161li boste domiselne ideje za va\u0161o dnevno sobo!<br \/>\nNa\u0161i strokovnjaki vas bodo spremljali pri ogledu in presku\u0161anju bogatega nabora najnovej\u0161ih foteljev in kav\u010dev ter vse ostale opreme v na\u0161i akcijski ponudbi.<br \/>\nNahajamo se v Trstu, ulica <a href=\"https:\/\/okrainer.it\/contatt\/\">via Flavia 53<\/a>.<\/p>\n<div class=\"nivo-showroom\">\n<div class=\"slider-wrapper controlnav-thumbs\"><div class=\"ribbon\"><\/div><div id=\"nivoslider-SMdp6-781\" class=\"nivoSlider\"><img decoding=\"async\" src=\"https:\/\/okrainer.it\/wp-content\/uploads\/2013\/09\/020120330_0002.jpg\" data-thumb=\"https:\/\/okrainer.it\/wp-content\/uploads\/2013\/09\/020120330_0002-200x150.jpg\" alt=\"\" \/><img decoding=\"async\" src=\"https:\/\/okrainer.it\/wp-content\/uploads\/2013\/09\/020120330_0004.jpg\" data-thumb=\"https:\/\/okrainer.it\/wp-content\/uploads\/2013\/09\/020120330_0004-200x150.jpg\" alt=\"\" \/><img decoding=\"async\" src=\"https:\/\/okrainer.it\/wp-content\/uploads\/2013\/09\/020120330_0006.jpg\" data-thumb=\"https:\/\/okrainer.it\/wp-content\/uploads\/2013\/09\/020120330_0006-200x150.jpg\" alt=\"\" \/><img decoding=\"async\" src=\"https:\/\/okrainer.it\/wp-content\/uploads\/2013\/09\/020120330_0009.jpg\" data-thumb=\"https:\/\/okrainer.it\/wp-content\/uploads\/2013\/09\/020120330_0009-200x150.jpg\" alt=\"\" \/><img decoding=\"async\" src=\"https:\/\/okrainer.it\/wp-content\/uploads\/2013\/09\/020120330_0011.jpg\" data-thumb=\"https:\/\/okrainer.it\/wp-content\/uploads\/2013\/09\/020120330_0011-200x150.jpg\" alt=\"\" \/><img decoding=\"async\" src=\"https:\/\/okrainer.it\/wp-content\/uploads\/2013\/09\/020120330_0014.jpg\" data-thumb=\"https:\/\/okrainer.it\/wp-content\/uploads\/2013\/09\/020120330_0014-200x150.jpg\" alt=\"\" \/><img decoding=\"async\" src=\"https:\/\/okrainer.it\/wp-content\/uploads\/2013\/09\/020120330_0019.jpg\" data-thumb=\"https:\/\/okrainer.it\/wp-content\/uploads\/2013\/09\/020120330_0019-200x150.jpg\" alt=\"\" \/><img decoding=\"async\" src=\"https:\/\/okrainer.it\/wp-content\/uploads\/2013\/09\/020120330_0021.jpg\" data-thumb=\"https:\/\/okrainer.it\/wp-content\/uploads\/2013\/09\/020120330_0021-200x150.jpg\" alt=\"\" \/><img decoding=\"async\" src=\"https:\/\/okrainer.it\/wp-content\/uploads\/2013\/09\/020120330_0025.jpg\" data-thumb=\"https:\/\/okrainer.it\/wp-content\/uploads\/2013\/09\/020120330_0025-200x150.jpg\" alt=\"\" \/><img decoding=\"async\" src=\"https:\/\/okrainer.it\/wp-content\/uploads\/2013\/09\/020120330_0027.jpg\" data-thumb=\"https:\/\/okrainer.it\/wp-content\/uploads\/2013\/09\/020120330_0027-200x150.jpg\" alt=\"\" \/><img decoding=\"async\" src=\"https:\/\/okrainer.it\/wp-content\/uploads\/2013\/08\/esterno01.jpg\" data-thumb=\"https:\/\/okrainer.it\/wp-content\/uploads\/2013\/08\/esterno01-200x150.jpg\" alt=\"\" \/><img decoding=\"async\" src=\"https:\/\/okrainer.it\/wp-content\/uploads\/2013\/08\/esterno02.jpg\" data-thumb=\"https:\/\/okrainer.it\/wp-content\/uploads\/2013\/08\/esterno02-200x150.jpg\" alt=\"\" \/><img decoding=\"async\" src=\"https:\/\/okrainer.it\/wp-content\/uploads\/2013\/08\/esterno03.jpg\" data-thumb=\"https:\/\/okrainer.it\/wp-content\/uploads\/2013\/08\/esterno03-200x150.jpg\" alt=\"\" \/><img decoding=\"async\" src=\"https:\/\/okrainer.it\/wp-content\/uploads\/2015\/09\/DSC_0391.jpg\" data-thumb=\"https:\/\/okrainer.it\/wp-content\/uploads\/2015\/09\/DSC_0391-200x150.jpg\" alt=\"\" \/><img decoding=\"async\" src=\"https:\/\/okrainer.it\/wp-content\/uploads\/2015\/09\/DSC_0401.jpg\" data-thumb=\"https:\/\/okrainer.it\/wp-content\/uploads\/2015\/09\/DSC_0401-200x150.jpg\" alt=\"\" \/><\/div><\/div><style type='text\/css' media='screen'> \n.theme-default .nivo-controlNav.nivo-thumbs-enabled img, \n.nivo-thumbs-enabled img { \n\twidth: 120px !important; \n\theight: 80px !important; \n} \n<\/style> \n<script type=\"text\/javascript\">\nwindow.onload = function(){\n    jQuery(\"#nivoslider-SMdp6-781\").nivoSlider({\n        effect:\"fade\",\n        slices:15,\n        boxCols:8,\n        boxRows:4,\n        animSpeed:500,\n        pauseTime:3000,\n        startSlide:0,\n        directionNav:false,\n        controlNav:true,\n        controlNavThumbs:true,\n        pauseOnHover:false,\n        manualAdvance:true\n    });\n};\n<\/script>\n\n<\/div>\n","protected":false},"excerpt":{"rendered":"<p>Potrebujete navdih? Obi\u0161\u010dite nas v na\u0161em prostornem razstavnem salonu: na\u0161li boste domiselne ideje za va\u0161o dnevno sobo! Na\u0161i strokovnjaki vas bodo spremljali pri ogledu in presku\u0161anju bogatega nabora najnovej\u0161ih foteljev in kav\u010dev ter vse ostale opreme v na\u0161i akcijski ponudbi. Nahajamo se v Trstu, ulica via Flavia 53.<\/p>\n","protected":false},"author":1,"featured_media":0,"parent":0,"menu_order":0,"comment_status":"closed","ping_status":"closed","template":"","meta":{"_acf_changed":false,"footnotes":""},"class_list":["post-1040","page","type-page","status-publish","hentry"],"acf":[],"_links":{"self":[{"href":"https:\/\/okrainer.it\/sl\/wp-json\/wp\/v2\/pages\/1040","targetHints":{"allow":["GET"]}}],"collection":[{"href":"https:\/\/okrainer.it\/sl\/wp-json\/wp\/v2\/pages"}],"about":[{"href":"https:\/\/okrainer.it\/sl\/wp-json\/wp\/v2\/types\/page"}],"author":[{"embeddable":true,"href":"https:\/\/okrainer.it\/sl\/wp-json\/wp\/v2\/users\/1"}],"replies":[{"embeddable":true,"href":"https:\/\/okrainer.it\/sl\/wp-json\/wp\/v2\/comments?post=1040"}],"version-history":[{"count":2,"href":"https:\/\/okrainer.it\/sl\/wp-json\/wp\/v2\/pages\/1040\/revisions"}],"predecessor-version":[{"id":3270,"href":"https:\/\/okrainer.it\/sl\/wp-json\/wp\/v2\/pages\/1040\/revisions\/3270"}],"wp:attachment":[{"href":"https:\/\/okrainer.it\/sl\/wp-json\/wp\/v2\/media?parent=1040"}],"curies":[{"name":"wp","href":"https:\/\/api.w.org\/{rel}","templated":true}]}}