{"id":1033,"date":"2013-07-14T18:14:18","date_gmt":"2013-07-14T16:14:18","guid":{"rendered":"http:\/\/okrainer.it\/servizi-2\/"},"modified":"2018-03-20T11:02:57","modified_gmt":"2018-03-20T10:02:57","slug":"servizi","status":"publish","type":"page","link":"https:\/\/okrainer.it\/sl\/servizi\/","title":{"rendered":"Storitve"},"content":{"rendered":"<p><img loading=\"lazy\" decoding=\"async\" class=\"alignnone size-full wp-image-1025\" alt=\"namestite se udobno\" src=\"https:\/\/okrainer.it\/wp-content\/uploads\/2013\/11\/rilassatiSLO.jpg\" width=\"950\" height=\"350\" srcset=\"https:\/\/okrainer.it\/wp-content\/uploads\/2013\/11\/rilassatiSLO.jpg 950w, https:\/\/okrainer.it\/wp-content\/uploads\/2013\/11\/rilassatiSLO-600x221.jpg 600w, https:\/\/okrainer.it\/wp-content\/uploads\/2013\/11\/rilassatiSLO-624x229.jpg 624w\" sizes=\"auto, (max-width: 950px) 100vw, 950px\" \/><\/p>\n<h3>Na\u010drtovana izbira<\/h3>\n<p>Na\u0161e izku\u0161eno osebje vas bo spremljalo pri izbiri dnevne sobe, oblikovalo bo najustreznej\u0161o re\u0161itev in estetsko najbolj primerno izbiro glede na podane dimenzije va\u0161ega doma ter na podlagi va\u0161ih potreb po opremljanju.<\/p>\n<h3>Prilagajanje po osebnem okusu<\/h3>\n<p>Dvosedi ali trosedi bodo prikrojeni va\u0161ih zahtevam s pomo\u010djo domiselnih kromiranih dodatkov, kovinskih no\u017eic in robnih v\u0161itkov, ki bodo poudarili obliko.<\/p>\n<h3>Dostava in monta\u017ea<\/h3>\n<p>Vsak nakup vklju\u010duje tudi dostavo in monta\u017eo opreme. Kav\u010de in fotelje bomo pripeljali na va\u0161 dom, skrbno jih bomo sestavili ter preverili vsako podrobnost.<\/p>\n<h3>Poprodajne storitve<\/h3>\n<p>Na\u0161a prodajna enota vam nudi stalno razpolo\u017eljivost nadomestnih delov za kav\u010de in fotelje; \u0161e dolga leta boste zadovoljno u\u017eivali v udobju in lepem izgledu va\u0161e dnevne sobe!<\/p>\n","protected":false},"excerpt":{"rendered":"<p>Na\u010drtovana izbira Na\u0161e izku\u0161eno osebje vas bo spremljalo pri izbiri dnevne sobe, oblikovalo bo najustreznej\u0161o re\u0161itev in estetsko najbolj primerno izbiro glede na podane dimenzije va\u0161ega doma ter na podlagi va\u0161ih potreb po opremljanju. Prilagajanje po osebnem okusu Dvosedi ali trosedi bodo prikrojeni va\u0161ih zahtevam s pomo\u010djo domiselnih kromiranih dodatkov, kovinskih no\u017eic in robnih v\u0161itkov, [&hellip;]<\/p>\n","protected":false},"author":1,"featured_media":0,"parent":0,"menu_order":30,"comment_status":"closed","ping_status":"closed","template":"page-templates\/full-width.php","meta":{"_acf_changed":false,"footnotes":""},"class_list":["post-1033","page","type-page","status-publish","hentry"],"acf":[],"_links":{"self":[{"href":"https:\/\/okrainer.it\/sl\/wp-json\/wp\/v2\/pages\/1033","targetHints":{"allow":["GET"]}}],"collection":[{"href":"https:\/\/okrainer.it\/sl\/wp-json\/wp\/v2\/pages"}],"about":[{"href":"https:\/\/okrainer.it\/sl\/wp-json\/wp\/v2\/types\/page"}],"author":[{"embeddable":true,"href":"https:\/\/okrainer.it\/sl\/wp-json\/wp\/v2\/users\/1"}],"replies":[{"embeddable":true,"href":"https:\/\/okrainer.it\/sl\/wp-json\/wp\/v2\/comments?post=1033"}],"version-history":[{"count":3,"href":"https:\/\/okrainer.it\/sl\/wp-json\/wp\/v2\/pages\/1033\/revisions"}],"predecessor-version":[{"id":3273,"href":"https:\/\/okrainer.it\/sl\/wp-json\/wp\/v2\/pages\/1033\/revisions\/3273"}],"wp:attachment":[{"href":"https:\/\/okrainer.it\/sl\/wp-json\/wp\/v2\/media?parent=1033"}],"curies":[{"name":"wp","href":"https:\/\/api.w.org\/{rel}","templated":true}]}}