{"id":1029,"date":"2013-07-14T18:05:50","date_gmt":"2013-07-14T16:05:50","guid":{"rendered":"http:\/\/okrainer.it\/azienda-2\/"},"modified":"2018-03-20T11:02:40","modified_gmt":"2018-03-20T10:02:40","slug":"azienda","status":"publish","type":"page","link":"https:\/\/okrainer.it\/sl\/azienda\/","title":{"rendered":"Podjetje"},"content":{"rendered":"<p><img loading=\"lazy\" decoding=\"async\" src=\"https:\/\/okrainer.it\/wp-content\/uploads\/2013\/11\/entusiasmoSLO.jpg\" alt=\"Navdu\u0161enost\" width=\"950\" height=\"350\" class=\"alignnone size-full wp-image-1026\" srcset=\"https:\/\/okrainer.it\/wp-content\/uploads\/2013\/11\/entusiasmoSLO.jpg 950w, https:\/\/okrainer.it\/wp-content\/uploads\/2013\/11\/entusiasmoSLO-600x221.jpg 600w, https:\/\/okrainer.it\/wp-content\/uploads\/2013\/11\/entusiasmoSLO-624x229.jpg 624w\" sizes=\"auto, (max-width: 950px) 100vw, 950px\" \/><\/p>\n<h3>Kakovost in prilagajanje osebnemu okusu, ki vas spremljata \u017ee skozi tri generacije<\/h3>\n<p>V tr\u017ea\u0161kem prostoru je na\u0161 prodajni salon prisoten \u017ee dobrih trideset let, z na\u0161o posebej izbrano ponudbo dnevnih sob lahko zadostimo kupcem z razli\u010dnimi slogovnimi zahtevami. V na\u0161i ponudbi boste odkrili bogat nabor dvosedov in trosedov ter foteljev vrhunske kakovosti po konkuren\u010dnih cenah. Prilagajanje po meri in osebna izbira tkanin nam omogo\u010data, da zadostimo najbolj zahtevnim potrebam in \u017eeljam. Zadovoljstvo na\u0161ih strank skozi vsa leta poslovanja pri\u010da o na\u0161i zavezanosti in predanosti do dela ter dolgoro\u010dni naravnanosti.<\/p>\n<h3>Navdu\u0161enost in predanost<\/h3>\n<p>Navdu\u0161enost nad vsem, kar nas obkro\u017ea: to je poglavitna smernica na\u0161ega poslovanja, na\u0161e vsakodnevno vodilo. Udejanjamo jo na podro\u010dju dru\u017einskega \u017eivljenja, pri dela, v odnosih do soljudi in do samih sebe. Navdu\u0161enost nad pri\u010detkom novega dne, s polno zagnanostjo nad delom, nad ustvarjanjem ne\u010desa, kar bo izbolj\u0161alo nas same, dan za dnem, leto za letom. In nenazadnje vsesplo\u0161na navdu\u0161enost nad \u017eivljenjem, ko pogumno udejanjamo svoje cilje.<\/p>\n<h3>Dolgoro\u010dno zadovoljstvo strank<\/h3>\n<p>Ljubezen do lepega in dovr\u0161enega pohi\u0161tva ter vrhunska kakovost opreme italijanske izdelave predstavljajo trdno osnovo, ki skupaj z na\u0161imi poprodajnimi storitvami zagotavljajo dolgo \u017eivljenjsko dobo na\u0161ih izdelkov. To je glavno na\u010delo in vodilo na\u0161ega poslovanja: dolgoro\u010dno zadovoljstvo na\u0161ih strank.<\/p>\n","protected":false},"excerpt":{"rendered":"<p>Kakovost in prilagajanje osebnemu okusu, ki vas spremljata \u017ee skozi tri generacije V tr\u017ea\u0161kem prostoru je na\u0161 prodajni salon prisoten \u017ee dobrih trideset let, z na\u0161o posebej izbrano ponudbo dnevnih sob lahko zadostimo kupcem z razli\u010dnimi slogovnimi zahtevami. V na\u0161i ponudbi boste odkrili bogat nabor dvosedov in trosedov ter foteljev vrhunske kakovosti po konkuren\u010dnih cenah. [&hellip;]<\/p>\n","protected":false},"author":1,"featured_media":0,"parent":0,"menu_order":10,"comment_status":"closed","ping_status":"closed","template":"page-templates\/full-width.php","meta":{"_acf_changed":false,"footnotes":""},"class_list":["post-1029","page","type-page","status-publish","hentry"],"acf":[],"_links":{"self":[{"href":"https:\/\/okrainer.it\/sl\/wp-json\/wp\/v2\/pages\/1029","targetHints":{"allow":["GET"]}}],"collection":[{"href":"https:\/\/okrainer.it\/sl\/wp-json\/wp\/v2\/pages"}],"about":[{"href":"https:\/\/okrainer.it\/sl\/wp-json\/wp\/v2\/types\/page"}],"author":[{"embeddable":true,"href":"https:\/\/okrainer.it\/sl\/wp-json\/wp\/v2\/users\/1"}],"replies":[{"embeddable":true,"href":"https:\/\/okrainer.it\/sl\/wp-json\/wp\/v2\/comments?post=1029"}],"version-history":[{"count":3,"href":"https:\/\/okrainer.it\/sl\/wp-json\/wp\/v2\/pages\/1029\/revisions"}],"predecessor-version":[{"id":3272,"href":"https:\/\/okrainer.it\/sl\/wp-json\/wp\/v2\/pages\/1029\/revisions\/3272"}],"wp:attachment":[{"href":"https:\/\/okrainer.it\/sl\/wp-json\/wp\/v2\/media?parent=1029"}],"curies":[{"name":"wp","href":"https:\/\/api.w.org\/{rel}","templated":true}]}}