{"id":1018,"date":"2013-07-14T19:07:13","date_gmt":"2013-07-14T17:07:13","guid":{"rendered":"http:\/\/okrainer.it\/home-2\/"},"modified":"2018-03-20T11:00:40","modified_gmt":"2018-03-20T10:00:40","slug":"home","status":"publish","type":"page","link":"https:\/\/okrainer.it\/sl\/","title":{"rendered":"Home"},"content":{"rendered":"<div class=\"slider-wrapper theme-light\"><div class=\"ribbon\"><\/div><div id=\"nivoslider-WrbzE-1021\" class=\"nivoSlider\"><img decoding=\"async\" src=\"https:\/\/okrainer.it\/wp-content\/uploads\/2013\/11\/home1SLO.jpg\" alt=\"\" \/><img decoding=\"async\" src=\"https:\/\/okrainer.it\/wp-content\/uploads\/2013\/11\/entusiasmoSLO.jpg\" alt=\"\" \/><img decoding=\"async\" src=\"https:\/\/okrainer.it\/wp-content\/uploads\/2013\/11\/personalizzazioneSLO.jpg\" alt=\"\" \/><img decoding=\"async\" src=\"https:\/\/okrainer.it\/wp-content\/uploads\/2013\/11\/rilassatiSLO.jpg\" alt=\"\" \/><\/div><\/div><script type=\"text\/javascript\">\nwindow.onload = function(){\n    jQuery(\"#nivoslider-WrbzE-1021\").nivoSlider({\n        effect:\"fade\",\n        slices:15,\n        boxCols:8,\n        boxRows:4,\n        animSpeed:500,\n        pauseTime:3000,\n        startSlide:0,\n        directionNav:false,\n        controlNav:true,\n        controlNavThumbs:false,\n        pauseOnHover:true,\n        manualAdvance:false\n    });\n};\n<\/script>\n\n<div class=\"collections-in-home\"><a href=\"https:\/\/okrainer.it\/sl\/category\/collezioni\/moderno\/\"><img loading=\"lazy\" decoding=\"async\" width=\"295\" height=\"175\" class=\"alignnone size-full wp-image-47\" alt=\"Moderen slog\" src=\"https:\/\/okrainer.it\/wp-content\/uploads\/2013\/07\/moderno.jpg\" \/><span>Moderen slog<\/span><\/a><a href=\"https:\/\/okrainer.it\/sl\/category\/collezioni\/classico\/\"><img loading=\"lazy\" decoding=\"async\" width=\"295\" height=\"175\" class=\"alignnone size-full wp-image-45\" alt=\"Klasi\u010den slog\" src=\"https:\/\/okrainer.it\/wp-content\/uploads\/2013\/07\/classico.jpg\" \/><span>Klasi\u010den slog<\/span><\/a><a href=\"https:\/\/okrainer.it\/sl\/category\/collezioni\/design\/\"><img decoding=\"async\" class=\"alignnone size-full wp-image-46\" alt=\"Dizajnerski slog\" src=\"https:\/\/okrainer.it\/wp-content\/uploads\/design.jpg\" \/><span>Dizajnerski slog<\/span><\/a><a href=\"https:\/\/okrainer.it\/sl\/category\/collezioni\/relax\/\"><img loading=\"lazy\" decoding=\"async\" width=\"295\" height=\"175\" class=\"alignnone size-full wp-image-48\" alt=\"Relaksacijski slog\" src=\"https:\/\/okrainer.it\/wp-content\/uploads\/2013\/07\/relax.jpg\" \/><span>Relaksacijski slog<\/span><\/a><a href=\"https:\/\/okrainer.it\/sl\/category\/collezioni\/trasformabili\/\"><img loading=\"lazy\" decoding=\"async\" width=\"295\" height=\"175\" class=\"alignnone size-full wp-image-49\" alt=\"Prilagodljivi kav\u010di\" src=\"https:\/\/okrainer.it\/wp-content\/uploads\/2013\/07\/trasformabili.jpg\" \/><span>Prilagodljivi kav\u010di<\/span><\/a><br \/>\n<a href=\"https:\/\/okrainer.it\/sl\/category\/collezioni\/poltrone-alzapersona\/\"><img loading=\"lazy\" decoding=\"async\" width=\"295\" height=\"175\" class=\"size-full wp-image-41\" alt=\"Fotelji z dvi\u017enim mehanizmom\" src=\"https:\/\/okrainer.it\/wp-content\/uploads\/2013\/07\/alzapersona.jpg\" \/><span>Fotelji z dvi\u017enim mehanizmom<\/span><\/a><a href=\"https:\/\/okrainer.it\/sl\/category\/stilske-kolekcije\/oblazinjeno-lezisce\/\"><img loading=\"lazy\" decoding=\"async\" width=\"295\" height=\"175\" class=\"size-full wp-image-2219\" alt=\"oblazinjeno le\u017ei\u0161\u010de\" src=\"https:\/\/okrainer.it\/wp-content\/uploads\/2015\/06\/lettiImbottiti.jpg\"><span>Oblazinjeno le\u017ei\u0161\u010de<\/span><\/a><a href=\"https:\/\/okrainer.it\/sl\/category\/stilske-kolekcije\/lezisca-in-vzmetnice\/\"><img decoding=\"async\" class=\"size-full\" alt=\"\" src=\"https:\/\/okrainer.it\/wp-content\/uploads\/2015\/06\/materassi.jpg\"><span>Le\u017ei\u0161\u010da in vzmetnice<\/span><\/a><a href=\"https:\/\/okrainer.it\/sl\/category\/stilske-kolekcije\/mehanizmi-in-letvena-posteljna-dna\/\"><img decoding=\"async\" class=\"size-full\" alt=\"\" src=\"https:\/\/okrainer.it\/wp-content\/uploads\/2015\/06\/meccanismi_e_reti.jpg\"><span>Mehanizmi in letvena posteljna dna<\/span><\/a><\/div>\n","protected":false},"excerpt":{"rendered":"<p>Moderen slogKlasi\u010den slogDizajnerski slogRelaksacijski slogPrilagodljivi kav\u010di Fotelji z dvi\u017enim mehanizmomOblazinjeno le\u017ei\u0161\u010deLe\u017ei\u0161\u010da in vzmetniceMehanizmi in letvena posteljna dna<\/p>\n","protected":false},"author":1,"featured_media":0,"parent":0,"menu_order":0,"comment_status":"closed","ping_status":"closed","template":"page-templates\/full-width.php","meta":{"_acf_changed":false,"footnotes":""},"class_list":["post-1018","page","type-page","status-publish","hentry"],"acf":[],"_links":{"self":[{"href":"https:\/\/okrainer.it\/sl\/wp-json\/wp\/v2\/pages\/1018","targetHints":{"allow":["GET"]}}],"collection":[{"href":"https:\/\/okrainer.it\/sl\/wp-json\/wp\/v2\/pages"}],"about":[{"href":"https:\/\/okrainer.it\/sl\/wp-json\/wp\/v2\/types\/page"}],"author":[{"embeddable":true,"href":"https:\/\/okrainer.it\/sl\/wp-json\/wp\/v2\/users\/1"}],"replies":[{"embeddable":true,"href":"https:\/\/okrainer.it\/sl\/wp-json\/wp\/v2\/comments?post=1018"}],"version-history":[{"count":8,"href":"https:\/\/okrainer.it\/sl\/wp-json\/wp\/v2\/pages\/1018\/revisions"}],"predecessor-version":[{"id":3268,"href":"https:\/\/okrainer.it\/sl\/wp-json\/wp\/v2\/pages\/1018\/revisions\/3268"}],"wp:attachment":[{"href":"https:\/\/okrainer.it\/sl\/wp-json\/wp\/v2\/media?parent=1018"}],"curies":[{"name":"wp","href":"https:\/\/api.w.org\/{rel}","templated":true}]}}