{"id":1211,"date":"2013-07-22T12:03:44","date_gmt":"2013-07-22T10:03:44","guid":{"rendered":"http:\/\/okrainer.it\/?page_id=1211"},"modified":"2018-03-20T11:10:20","modified_gmt":"2018-03-20T10:10:20","slug":"collezioni-okrainer","status":"publish","type":"page","link":"https:\/\/okrainer.it\/hr\/collezioni-okrainer\/","title":{"rendered":"Kolekcije"},"content":{"rendered":"\n<div class=\"collections-internal\">\n<div class=\"collections-link\">\n\t\t\t<a href=\"https:\/\/okrainer.it\/hr\/category\/collezioni\/moderno\/\"><\/p>\n<div class=\"collections-link-bottom\">\n\t\t\t    <span>moderno<\/span><br \/>\n\t\t\t    <img loading=\"lazy\" decoding=\"async\" alt=\"\" src=\"https:\/\/okrainer.it\/wp-content\/uploads\/2013\/07\/moderno.jpg\" width=\"295\" height=\"175\" \/>\n\t\t\t  <\/div>\n<div class=\"collections-link-top silver\"><\/div>\n<p>\t\t\t<\/a>\n\t\t      <\/div>\n<div class=\"collections-link\">\n\t\t\t<a href=\"https:\/\/okrainer.it\/hr\/category\/collezioni\/classico\/\"><\/p>\n<div class=\"collections-link-bottom\">\n\t\t\t    <span>klasi\u010dno<\/span><br \/>\n\t\t\t    <img loading=\"lazy\" decoding=\"async\" alt=\"\" src=\"https:\/\/okrainer.it\/wp-content\/uploads\/2013\/07\/classico.jpg\" width=\"295\" height=\"175\" \/>\n\t\t\t  <\/div>\n<div class=\"collections-link-top silver\"><\/div>\n<p>\t\t\t<\/a>\n\t\t      <\/div>\n<div class=\"collections-link\">\n\t\t\t<a href=\"https:\/\/okrainer.it\/hr\/category\/collezioni\/design\/\"><\/p>\n<div class=\"collections-link-bottom\">\n\t\t\t    <span>dizajn<\/span><br \/>\n\t\t\t    <img loading=\"lazy\" decoding=\"async\" alt=\"\" src=\"https:\/\/okrainer.it\/wp-content\/uploads\/design.jpg\" width=\"295\" height=\"175\" \/>\n\t\t\t  <\/div>\n<div class=\"collections-link-top silver\"><\/div>\n<p>\t\t\t<\/a>\n\t\t      <\/div>\n<div class=\"collections-link\">\n\t\t\t<a href=\"https:\/\/okrainer.it\/hr\/category\/collezioni\/relax\/\"><\/p>\n<div class=\"collections-link-bottom\">\n\t\t\t   <span>opu\u0161tanje<\/span><br \/>\n\t\t\t    <img loading=\"lazy\" decoding=\"async\" alt=\"\" src=\"https:\/\/okrainer.it\/wp-content\/uploads\/2013\/07\/relax.jpg\" width=\"295\" height=\"175\" \/>\n\t\t\t  <\/div>\n<div class=\"collections-link-top silver\"><\/div>\n<p>\t\t\t<\/a>\n\t\t      <\/div>\n<div class=\"collections-link\">\n\t\t\t<a href=\"https:\/\/okrainer.it\/hr\/category\/collezioni\/trasformabili\/\"><\/p>\n<div class=\"collections-link-bottom\">\n\t\t\t    <span>prilagodljive sofe<\/span><br \/>\n\t\t\t    <img loading=\"lazy\" decoding=\"async\" alt=\"\" src=\"https:\/\/okrainer.it\/wp-content\/uploads\/2013\/07\/trasformabili.jpg\" width=\"295\" height=\"175\" \/>\n\t\t\t  <\/div>\n<div class=\"collections-link-top silver\"><\/div>\n<p>\t\t\t<\/a>\n\t\t      <\/div>\n<div class=\"collections-link\">\n\t\t\t<a href=\"https:\/\/okrainer.it\/hr\/category\/collezioni\/poltrone-alzapersona\/\"><\/p>\n<div class=\"collections-link-bottom\">\n\t\t\t    <span>naslonja\u010d s podiznim mehanizmom<\/span><br \/>\n\t\t\t    <img loading=\"lazy\" decoding=\"async\" alt=\"\" src=\"https:\/\/okrainer.it\/wp-content\/uploads\/2013\/07\/alzapersona.jpg\" width=\"295\" height=\"175\" \/>\n\t\t\t  <\/div>\n<div class=\"collections-link-top silver\"><\/div>\n<p>\t\t\t<\/a>\n\t\t      <\/div>\n<div class=\"collections-link\">\n\t\t\t<a href=\"https:\/\/okrainer.it\/hr\/category\/kolekcije\/tapicirani-kreveti\/\"><\/p>\n<div class=\"collections-link-bottom\">\n\t\t\t    <span>tapicirani kreveti<\/span><br \/>\n\t\t\t    <img loading=\"lazy\" decoding=\"async\" width=\"295\" height=\"175\" class=\"size-full wp-image-2219\" alt=\"letti imbottiti\" src=\"https:\/\/okrainer.it\/wp-content\/uploads\/2015\/06\/lettiImbottiti.jpg\">\n\t\t\t  <\/div>\n<div class=\"collections-link-top silver\"><\/div>\n<p>\t\t\t<\/a>\n\t\t      <\/div>\n<div class=\"collections-link\">\n\t\t\t<a href=\"https:\/\/okrainer.it\/hr\/category\/kolekcije\/madrac\/\"><\/p>\n<div class=\"collections-link-bottom\">\n\t\t\t    <span>madrac<\/span><br \/>\n\t\t\t    <img decoding=\"async\" class=\"size-full wp-image-2219\" alt=\"\" src=\"https:\/\/okrainer.it\/wp-content\/uploads\/2015\/06\/materassi.jpg\">\n\t\t\t  <\/div>\n<div class=\"collections-link-top silver\"><\/div>\n<p>\t\t\t<\/a>\n\t\t      <\/div>\n<div class=\"collections-link\">\n\t\t\t<a href=\"https:\/\/okrainer.it\/hr\/category\/kolekcije\/mehanizmi-i-podnice\/\"><\/p>\n<div class=\"collections-link-bottom\">\n\t\t\t    <span>mehanizmi i podnice<\/span><br \/>\n\t\t\t    <img decoding=\"async\" class=\"size-full wp-image-2219\" alt=\"\" src=\"https:\/\/okrainer.it\/wp-content\/uploads\/2015\/06\/meccanismi_e_reti.jpg\">\n\t\t\t  <\/div>\n<div class=\"collections-link-top silver\"><\/div>\n<p>\t\t\t<\/a>\n\t\t      <\/div>\n<\/p><\/div>\n<p><!-- #collections-internal --><\/p>\n","protected":false},"excerpt":{"rendered":"<p>moderno klasi\u010dno dizajn opu\u0161tanje prilagodljive sofe naslonja\u010d s podiznim mehanizmom tapicirani kreveti madrac mehanizmi i podnice<\/p>\n","protected":false},"author":1,"featured_media":0,"parent":0,"menu_order":0,"comment_status":"closed","ping_status":"closed","template":"","meta":{"_acf_changed":false,"footnotes":""},"class_list":["post-1211","page","type-page","status-publish","hentry"],"acf":[],"_links":{"self":[{"href":"https:\/\/okrainer.it\/hr\/wp-json\/wp\/v2\/pages\/1211","targetHints":{"allow":["GET"]}}],"collection":[{"href":"https:\/\/okrainer.it\/hr\/wp-json\/wp\/v2\/pages"}],"about":[{"href":"https:\/\/okrainer.it\/hr\/wp-json\/wp\/v2\/types\/page"}],"author":[{"embeddable":true,"href":"https:\/\/okrainer.it\/hr\/wp-json\/wp\/v2\/users\/1"}],"replies":[{"embeddable":true,"href":"https:\/\/okrainer.it\/hr\/wp-json\/wp\/v2\/comments?post=1211"}],"version-history":[{"count":8,"href":"https:\/\/okrainer.it\/hr\/wp-json\/wp\/v2\/pages\/1211\/revisions"}],"predecessor-version":[{"id":3277,"href":"https:\/\/okrainer.it\/hr\/wp-json\/wp\/v2\/pages\/1211\/revisions\/3277"}],"wp:attachment":[{"href":"https:\/\/okrainer.it\/hr\/wp-json\/wp\/v2\/media?parent=1211"}],"curies":[{"name":"wp","href":"https:\/\/api.w.org\/{rel}","templated":true}]}}