{"id":1205,"date":"2013-07-14T19:07:13","date_gmt":"2013-07-14T17:07:13","guid":{"rendered":"http:\/\/okrainer.it\/?page_id=1205"},"modified":"2018-03-20T11:09:10","modified_gmt":"2018-03-20T10:09:10","slug":"home-3","status":"publish","type":"page","link":"https:\/\/okrainer.it\/hr\/","title":{"rendered":"Home"},"content":{"rendered":"<div class=\"slider-wrapper theme-light\"><div class=\"ribbon\"><\/div><div id=\"nivoslider-HCDlL-1243\" class=\"nivoSlider\"><img decoding=\"async\" src=\"https:\/\/okrainer.it\/wp-content\/uploads\/2013\/11\/aziendaCRO.jpg\" alt=\"\" \/><img decoding=\"async\" src=\"https:\/\/okrainer.it\/wp-content\/uploads\/2013\/11\/entusiasmoCRO.jpg\" alt=\"\" \/><img decoding=\"async\" src=\"https:\/\/okrainer.it\/wp-content\/uploads\/2013\/11\/personalizzazioneCRO.jpg\" alt=\"\" \/><img decoding=\"async\" src=\"https:\/\/okrainer.it\/wp-content\/uploads\/2013\/11\/rilassatiCRO.jpg\" alt=\"\" \/><\/div><\/div><script type=\"text\/javascript\">\nwindow.onload = function(){\n    jQuery(\"#nivoslider-HCDlL-1243\").nivoSlider({\n        effect:\"fade\",\n        slices:15,\n        boxCols:8,\n        boxRows:4,\n        animSpeed:500,\n        pauseTime:3000,\n        startSlide:0,\n        directionNav:false,\n        controlNav:true,\n        controlNavThumbs:false,\n        pauseOnHover:true,\n        manualAdvance:false\n    });\n};\n<\/script>\n\n<div class=\"collections-in-home\"><a href=\"https:\/\/okrainer.it\/hr\/category\/collezioni\/moderno\/\"><img loading=\"lazy\" decoding=\"async\" width=\"295\" height=\"175\" class=\"alignnone size-full wp-image-47\" alt=\"moderno\" src=\"https:\/\/okrainer.it\/wp-content\/uploads\/2013\/07\/moderno.jpg\" \/><span>moderno<\/span><\/a><a href=\"https:\/\/okrainer.it\/hr\/category\/collezioni\/classico\/\"><img loading=\"lazy\" decoding=\"async\" width=\"295\" height=\"175\" class=\"alignnone size-full wp-image-45\" alt=\"Klasi\u010dno\" src=\"https:\/\/okrainer.it\/wp-content\/uploads\/2013\/07\/classico.jpg\" \/><span>klasi\u010dno<\/span><\/a><a href=\"https:\/\/okrainer.it\/hr\/category\/collezioni\/design\/\"><img decoding=\"async\" class=\"alignnone size-full wp-image-46\" alt=\"Dizajn\" src=\"https:\/\/okrainer.it\/wp-content\/uploads\/design.jpg\" \/><span>dizajn<\/span><\/a><a href=\"https:\/\/okrainer.it\/hr\/category\/collezioni\/relax\/\"><img loading=\"lazy\" decoding=\"async\" width=\"295\" height=\"175\" class=\"alignnone size-full wp-image-48\" alt=\"Opu\u0161tanje\" src=\"https:\/\/okrainer.it\/wp-content\/uploads\/2013\/07\/relax.jpg\" \/><span>opu\u0161tanje<\/span><\/a><a href=\"https:\/\/okrainer.it\/hr\/category\/collezioni\/trasformabili\/\"><img loading=\"lazy\" decoding=\"async\" width=\"295\" height=\"175\" class=\"alignnone size-full wp-image-49\" alt=\"Prilagodljive sofe\" src=\"https:\/\/okrainer.it\/wp-content\/uploads\/2013\/07\/trasformabili.jpg\" \/><span>prilagodljive sofe<\/span><\/a><br \/>\n<a href=\"https:\/\/okrainer.it\/hr\/category\/collezioni\/poltrone-alzapersona\/\"><img loading=\"lazy\" decoding=\"async\" width=\"295\" height=\"175\" class=\"size-full wp-image-41\" alt=\"Naslonja\u010d s podiznim mehanizmom\" src=\"https:\/\/okrainer.it\/wp-content\/uploads\/2013\/07\/alzapersona.jpg\" \/><span>Naslonja\u010d s podiznim mehanizmom<\/span><\/a><a href=\"https:\/\/okrainer.it\/hr\/category\/kolekcije\/tapicirani-kreveti\/\"><img loading=\"lazy\" decoding=\"async\" width=\"295\" height=\"175\" class=\"size-full wp-image-2219\" alt=\"letti imbottiti\" src=\"https:\/\/okrainer.it\/wp-content\/uploads\/2015\/06\/lettiImbottiti.jpg\"><span>Tapicirani kreveti<\/span><\/a><a href=\"https:\/\/okrainer.it\/hr\/category\/kolekcije\/madrac\/\"><img decoding=\"async\" class=\"size-full\" alt=\"\" src=\"https:\/\/okrainer.it\/wp-content\/uploads\/2015\/06\/materassi.jpg\"><span>Madrac<\/span><\/a><a href=\"https:\/\/okrainer.it\/hr\/category\/kolekcije\/mehanizmi-i-podnice\/\"><img decoding=\"async\" class=\"size-full\" alt=\"\" src=\"https:\/\/okrainer.it\/wp-content\/uploads\/2015\/06\/meccanismi_e_reti.jpg\"><span>Mehanizmi i podnice<\/span><\/a><\/div>\n","protected":false},"excerpt":{"rendered":"<p>modernoklasi\u010dnodizajnopu\u0161tanjeprilagodljive sofe Naslonja\u010d s podiznim mehanizmomTapicirani krevetiMadracMehanizmi i podnice<\/p>\n","protected":false},"author":1,"featured_media":0,"parent":0,"menu_order":0,"comment_status":"closed","ping_status":"closed","template":"page-templates\/full-width.php","meta":{"_acf_changed":false,"footnotes":""},"class_list":["post-1205","page","type-page","status-publish","hentry"],"acf":[],"_links":{"self":[{"href":"https:\/\/okrainer.it\/hr\/wp-json\/wp\/v2\/pages\/1205","targetHints":{"allow":["GET"]}}],"collection":[{"href":"https:\/\/okrainer.it\/hr\/wp-json\/wp\/v2\/pages"}],"about":[{"href":"https:\/\/okrainer.it\/hr\/wp-json\/wp\/v2\/types\/page"}],"author":[{"embeddable":true,"href":"https:\/\/okrainer.it\/hr\/wp-json\/wp\/v2\/users\/1"}],"replies":[{"embeddable":true,"href":"https:\/\/okrainer.it\/hr\/wp-json\/wp\/v2\/comments?post=1205"}],"version-history":[{"count":7,"href":"https:\/\/okrainer.it\/hr\/wp-json\/wp\/v2\/pages\/1205\/revisions"}],"predecessor-version":[{"id":3275,"href":"https:\/\/okrainer.it\/hr\/wp-json\/wp\/v2\/pages\/1205\/revisions\/3275"}],"wp:attachment":[{"href":"https:\/\/okrainer.it\/hr\/wp-json\/wp\/v2\/media?parent=1205"}],"curies":[{"name":"wp","href":"https:\/\/api.w.org\/{rel}","templated":true}]}}