{"id":1172,"date":"2013-07-14T18:14:18","date_gmt":"2013-07-14T16:14:18","guid":{"rendered":"http:\/\/okrainer.it\/?page_id=1172"},"modified":"2018-03-20T11:11:16","modified_gmt":"2018-03-20T10:11:16","slug":"servizi","status":"publish","type":"page","link":"https:\/\/okrainer.it\/hr\/servizi\/","title":{"rendered":"Usluge"},"content":{"rendered":"<p><img loading=\"lazy\" decoding=\"async\" class=\"alignnone size-full wp-image-1177\" alt=\"udobno se smjestite pobrinut \u0107emo se za vas\" src=\"https:\/\/okrainer.it\/wp-content\/uploads\/2013\/11\/rilassatiCRO.jpg\" width=\"950\" height=\"350\" \/><\/p>\n<h3>Dizajn<\/h3>\n<p>Na\u0161e iskusno osoblje pomo\u0107i \u0107e vam izabrati najbolji namje\u0161taj za ure\u0111enje va\u0161eg dnevnog boravka, osmi\u0161ljavaju\u0107i namje\u0161taj koji idealno odgovara estetici i veli\u010dini va\u0161eg doma te va\u0161im potrebama.<\/p>\n<h3>Prilago\u0111avanje va\u0161im potrebama<\/h3>\n<p>Svoje garniture za sjedenje mo\u017eete prilagoditi svojem stilu odabirom originalne kombinacije boja, metalnih no\u017eica ili u\u0161ivenih rubova koji nagla\u0161avanju formu.<\/p>\n<h3>Dostava i monta\u017ea<\/h3>\n<p>U svaku je kupnju uklju\u010dena usluga dostave i monta\u017ee u pokrajini Trsta i Slovenskog primorja. Dostavit \u0107emo va\u0161e garniture za sjedenje i naslonja\u010de u va\u0161 dom te ih pa\u017eljivo sastaviti paze\u0107i na svaki detalj.<\/p>\n<h3>Usluga odr\u017eavanja<\/h3>\n<p>Pri\u010duvni dijelovi garnitura za sjedenje i naslonja\u010da uvijek su dostupni putem na\u0161eg ureda kako biste godinama bili zadovoljni i ponosili se svojim dnevnim boravkom!<\/p>\n","protected":false},"excerpt":{"rendered":"<p>Dizajn Na\u0161e iskusno osoblje pomo\u0107i \u0107e vam izabrati najbolji namje\u0161taj za ure\u0111enje va\u0161eg dnevnog boravka, osmi\u0161ljavaju\u0107i namje\u0161taj koji idealno odgovara estetici i veli\u010dini va\u0161eg doma te va\u0161im potrebama. Prilago\u0111avanje va\u0161im potrebama Svoje garniture za sjedenje mo\u017eete prilagoditi svojem stilu odabirom originalne kombinacije boja, metalnih no\u017eica ili u\u0161ivenih rubova koji nagla\u0161avanju formu. Dostava i monta\u017ea U [&hellip;]<\/p>\n","protected":false},"author":1,"featured_media":0,"parent":0,"menu_order":30,"comment_status":"closed","ping_status":"closed","template":"page-templates\/full-width.php","meta":{"_acf_changed":false,"footnotes":""},"class_list":["post-1172","page","type-page","status-publish","hentry"],"acf":[],"_links":{"self":[{"href":"https:\/\/okrainer.it\/hr\/wp-json\/wp\/v2\/pages\/1172","targetHints":{"allow":["GET"]}}],"collection":[{"href":"https:\/\/okrainer.it\/hr\/wp-json\/wp\/v2\/pages"}],"about":[{"href":"https:\/\/okrainer.it\/hr\/wp-json\/wp\/v2\/types\/page"}],"author":[{"embeddable":true,"href":"https:\/\/okrainer.it\/hr\/wp-json\/wp\/v2\/users\/1"}],"replies":[{"embeddable":true,"href":"https:\/\/okrainer.it\/hr\/wp-json\/wp\/v2\/comments?post=1172"}],"version-history":[{"count":7,"href":"https:\/\/okrainer.it\/hr\/wp-json\/wp\/v2\/pages\/1172\/revisions"}],"predecessor-version":[{"id":3280,"href":"https:\/\/okrainer.it\/hr\/wp-json\/wp\/v2\/pages\/1172\/revisions\/3280"}],"wp:attachment":[{"href":"https:\/\/okrainer.it\/hr\/wp-json\/wp\/v2\/media?parent=1172"}],"curies":[{"name":"wp","href":"https:\/\/api.w.org\/{rel}","templated":true}]}}