{"id":1160,"date":"2013-07-14T18:05:50","date_gmt":"2013-07-14T16:05:50","guid":{"rendered":"http:\/\/okrainer.it\/?page_id=1160"},"modified":"2018-03-20T11:11:00","modified_gmt":"2018-03-20T10:11:00","slug":"azienda","status":"publish","type":"page","link":"https:\/\/okrainer.it\/hr\/azienda\/","title":{"rendered":"Tvrtka"},"content":{"rendered":"<p><img loading=\"lazy\" decoding=\"async\" src=\"https:\/\/okrainer.it\/wp-content\/uploads\/2013\/11\/entusiasmoCRO.jpg\" alt=\"Odu\u0161evljenje  za sve \u0161to nas okru\u017euje\" width=\"950\" height=\"350\" class=\"alignnone size-full wp-image-1166\" \/><\/p>\n<h3>Tri generacije kvalitete uz prilago\u0111ene programe<\/h3>\n<p>Prije trideset godina na\u0161a se tvrtka sa sjedi\u0161tem u Trstu specijalizirala za dnevne boravke prema sva\u010dijem stilu. Nudimo veliki asortiman garnitura za sjedenje i naslonja\u010da izvrsne kvalitete po konkurentnim cijenama. Prilago\u0111avanjem veli\u010dina i materijala ispunjavamo i najspecifi\u010dnije zahtjeve kupaca. Zadovoljstvo na\u0161ih kupaca tijekom godina svjedo\u010di o na\u0161oj predanosti i dosljednosti u pru\u017eanju kvalitetnog namje\u0161taja.<\/p>\n<h3>Odu\u0161evljenje<\/h3>\n<p>Odu\u0161evljenje je na\u0161 svakodnevni poslovni pristup: odu\u0161evljeni za sve \u0161to nas okru\u017euje. Za obitelj, posao, druge i sebe. Odu\u0161evljenje zbog kojeg ujutro ustajemo raduju\u0107i se poslu, radu, stvaranju ne\u010dega \u0161to \u0107e uljep\u0161ati svaki novi dan, svaku novu godinu. Odu\u0161evljenje za na\u0161 svaki novi korak u \u017eivotu.<\/p>\n<h3>Trajno zadovoljni kupci<\/h3>\n<p>Ljubav prema ljepoti i kvalitetnoj izradi te asortiman proizvoda vrhunske kvalitete izra\u0111enih u Italiji \u010dvrst su temelj dugovje\u010dnosti na\u0161ih proizvoda, upotpunjen uslugom korisni\u010dke podr\u0161ke. Na taj ostvarujemo viziju tvrtke: trajno zadovoljni kupci.<\/p>\n","protected":false},"excerpt":{"rendered":"<p>Tri generacije kvalitete uz prilago\u0111ene programe Prije trideset godina na\u0161a se tvrtka sa sjedi\u0161tem u Trstu specijalizirala za dnevne boravke prema sva\u010dijem stilu. Nudimo veliki asortiman garnitura za sjedenje i naslonja\u010da izvrsne kvalitete po konkurentnim cijenama. Prilago\u0111avanjem veli\u010dina i materijala ispunjavamo i najspecifi\u010dnije zahtjeve kupaca. Zadovoljstvo na\u0161ih kupaca tijekom godina svjedo\u010di o na\u0161oj predanosti i [&hellip;]<\/p>\n","protected":false},"author":1,"featured_media":0,"parent":0,"menu_order":10,"comment_status":"closed","ping_status":"closed","template":"page-templates\/full-width.php","meta":{"_acf_changed":false,"footnotes":""},"class_list":["post-1160","page","type-page","status-publish","hentry"],"acf":[],"_links":{"self":[{"href":"https:\/\/okrainer.it\/hr\/wp-json\/wp\/v2\/pages\/1160","targetHints":{"allow":["GET"]}}],"collection":[{"href":"https:\/\/okrainer.it\/hr\/wp-json\/wp\/v2\/pages"}],"about":[{"href":"https:\/\/okrainer.it\/hr\/wp-json\/wp\/v2\/types\/page"}],"author":[{"embeddable":true,"href":"https:\/\/okrainer.it\/hr\/wp-json\/wp\/v2\/users\/1"}],"replies":[{"embeddable":true,"href":"https:\/\/okrainer.it\/hr\/wp-json\/wp\/v2\/comments?post=1160"}],"version-history":[{"count":5,"href":"https:\/\/okrainer.it\/hr\/wp-json\/wp\/v2\/pages\/1160\/revisions"}],"predecessor-version":[{"id":3279,"href":"https:\/\/okrainer.it\/hr\/wp-json\/wp\/v2\/pages\/1160\/revisions\/3279"}],"wp:attachment":[{"href":"https:\/\/okrainer.it\/hr\/wp-json\/wp\/v2\/media?parent=1160"}],"curies":[{"name":"wp","href":"https:\/\/api.w.org\/{rel}","templated":true}]}}